{"id":8,"date":"2026-05-15T15:47:50","date_gmt":"2026-05-15T15:47:50","guid":{"rendered":"https:\/\/fliesen-doc.de\/?page_id=8"},"modified":"2026-05-15T16:42:33","modified_gmt":"2026-05-15T16:42:33","slug":"leistung","status":"publish","type":"page","link":"https:\/\/fliesen-doc.de\/","title":{"rendered":"Leistungen"},"content":{"rendered":"\t\t<div data-elementor-type=\"wp-page\" data-elementor-id=\"8\" class=\"elementor elementor-8\">\n\t\t\t\t<div class=\"elementor-element elementor-element-75ebb22 e-con-full e-flex e-con e-parent\" data-id=\"75ebb22\" data-element_type=\"container\" data-e-type=\"container\">\n\t\t\t\t<div class=\"elementor-element elementor-element-474436d elementor-widget elementor-widget-image\" data-id=\"474436d\" data-element_type=\"widget\" data-e-type=\"widget\" data-widget_type=\"image.default\">\n\t\t\t\t\t\t\t\t\t\t\t\t\t\t\t<img fetchpriority=\"high\" decoding=\"async\" width=\"1920\" height=\"515\" src=\"https:\/\/fliesen-doc.de\/wp-content\/uploads\/2026\/05\/Titelbild.jpg\" class=\"attachment-full size-full wp-image-20\" alt=\"Header Profi-Reparatur &amp; Wartung f\u00fcr Ihre Fliesen &amp; Fugen\" srcset=\"https:\/\/fliesen-doc.de\/wp-content\/uploads\/2026\/05\/Titelbild.jpg 1920w, https:\/\/fliesen-doc.de\/wp-content\/uploads\/2026\/05\/Titelbild-300x80.jpg 300w, https:\/\/fliesen-doc.de\/wp-content\/uploads\/2026\/05\/Titelbild-1024x275.jpg 1024w, https:\/\/fliesen-doc.de\/wp-content\/uploads\/2026\/05\/Titelbild-768x206.jpg 768w, https:\/\/fliesen-doc.de\/wp-content\/uploads\/2026\/05\/Titelbild-1536x412.jpg 1536w\" sizes=\"(max-width: 1920px) 100vw, 1920px\" \/>\t\t\t\t\t\t\t\t\t\t\t\t\t\t\t<\/div>\n\t\t\t\t<\/div>\n\t\t<div class=\"elementor-element elementor-element-103777b4 e-flex e-con-boxed e-con e-parent\" data-id=\"103777b4\" data-element_type=\"container\" data-e-type=\"container\">\n\t\t\t\t\t<div class=\"e-con-inner\">\n\t\t\t\t<div class=\"elementor-element elementor-element-38e46a94 elementor-widget elementor-widget-text-editor\" data-id=\"38e46a94\" data-element_type=\"widget\" data-e-type=\"widget\" data-widget_type=\"text-editor.default\">\n\t\t\t\t\t\t\t\t\t<h1 data-path-to-node=\"14\">Fliesen Doc | Profi-Reparatur &amp; Wartung f\u00fcr Ihre Fliesen &amp; Fugen<\/h1><h2 data-path-to-node=\"14\">Pr\u00e4zise, sauber und nachhaltig &#8211; was \u00fcbernimmt der Fliesen?<\/h2><ul data-path-to-node=\"15\"><li><p data-path-to-node=\"15,0,0\"><b data-path-to-node=\"15,0,0\" data-index-in-node=\"0\">Silikonfugenwartung:<\/b> Die regelm\u00e4\u00dfige Vorsorgeuntersuchung f\u00fcr Ihr Bad. Pr\u00fcfung auf Risse, mangelnde Flankenhaftung und versteckten Schimmelbefall.<\/p><\/li><li><p data-path-to-node=\"15,1,0\"><b data-path-to-node=\"15,1,0\" data-index-in-node=\"0\">Silikonfugenreparatur &amp; -austausch:<\/b> Radikale und saubere Entfernung des alten, kontaminierten Silikons. Professioneller Neuaufbau mit Premium-Materialien \u2013 f\u00fcr maximale Dichtigkeit.<\/p><\/li><li><p data-path-to-node=\"15,2,0\"><b data-path-to-node=\"15,2,0\" data-index-in-node=\"0\">Kleinstreparaturen im Fliesenbelag:<\/b> Abgeplatzte Kanten oder Risse in einzelnen Fliesen? Makel werden chirurgisch genau behoben, ohne gleich das ganze Bad zur Baustelle zu wird.<\/p><\/li><li><p data-path-to-node=\"15,3,0\"><b data-path-to-node=\"15,3,0\" data-index-in-node=\"0\">Austausch von defekten WC-Elementen:<\/b> Wenn die Mechanik streikt oder es tropft, werden defekte Elemente fachgerecht und z\u00fcgig ausgetauscht.<\/p><\/li><li><p data-path-to-node=\"15,4,0\"><b data-path-to-node=\"15,4,0\" data-index-in-node=\"0\">Revisionsrahmenvergr\u00f6\u00dferung:<\/b> Sie kommen nicht an die Rohre oder Wasseruhren? Professionelle und optisch ansprechende Vergr\u00f6\u00dferung des Zugangsbereichs, ohne den Fliesenspiegel zu zerst\u00f6ren.<\/p><\/li><\/ul>\t\t\t\t\t\t\t\t<\/div>\n\t\t\t\t\t<\/div>\n\t\t\t\t<\/div>\n\t\t\t\t<\/div>\n\t\t","protected":false},"excerpt":{"rendered":"<p>Fliesen Doc | Profi-Reparatur &amp; Wartung f\u00fcr Ihre Fliesen &amp; Fugen Pr\u00e4zise, sauber und nachhaltig &#8211; was \u00fcbernimmt der Fliesen? Silikonfugenwartung: Die regelm\u00e4\u00dfige Vorsorgeuntersuchung f\u00fcr Ihr Bad. Pr\u00fcfung auf Risse, mangelnde Flankenhaftung und versteckten Schimmelbefall. Silikonfugenreparatur &amp; -austausch: Radikale und saubere Entfernung des alten, kontaminierten Silikons. Professioneller Neuaufbau mit Premium-Materialien \u2013 f\u00fcr maximale Dichtigkeit. Kleinstreparaturen [&hellip;]<\/p>\n","protected":false},"author":1,"featured_media":0,"parent":0,"menu_order":0,"comment_status":"closed","ping_status":"closed","template":"","meta":{"ocean_post_layout":"full-screen","ocean_both_sidebars_style":"","ocean_both_sidebars_content_width":0,"ocean_both_sidebars_sidebars_width":0,"ocean_sidebar":"0","ocean_second_sidebar":"0","ocean_disable_margins":"enable","ocean_add_body_class":"","ocean_shortcode_before_top_bar":"","ocean_shortcode_after_top_bar":"","ocean_shortcode_before_header":"","ocean_shortcode_after_header":"","ocean_has_shortcode":"","ocean_shortcode_after_title":"","ocean_shortcode_before_footer_widgets":"","ocean_shortcode_after_footer_widgets":"","ocean_shortcode_before_footer_bottom":"","ocean_shortcode_after_footer_bottom":"","ocean_display_top_bar":"default","ocean_display_header":"default","ocean_header_style":"","ocean_center_header_left_menu":"0","ocean_custom_header_template":"0","ocean_custom_logo":0,"ocean_custom_retina_logo":0,"ocean_custom_logo_max_width":0,"ocean_custom_logo_tablet_max_width":0,"ocean_custom_logo_mobile_max_width":0,"ocean_custom_logo_max_height":0,"ocean_custom_logo_tablet_max_height":0,"ocean_custom_logo_mobile_max_height":0,"ocean_header_custom_menu":"0","ocean_menu_typo_font_family":"0","ocean_menu_typo_font_subset":"","ocean_menu_typo_font_size":0,"ocean_menu_typo_font_size_tablet":0,"ocean_menu_typo_font_size_mobile":0,"ocean_menu_typo_font_size_unit":"px","ocean_menu_typo_font_weight":"","ocean_menu_typo_font_weight_tablet":"","ocean_menu_typo_font_weight_mobile":"","ocean_menu_typo_transform":"","ocean_menu_typo_transform_tablet":"","ocean_menu_typo_transform_mobile":"","ocean_menu_typo_line_height":0,"ocean_menu_typo_line_height_tablet":0,"ocean_menu_typo_line_height_mobile":0,"ocean_menu_typo_line_height_unit":"","ocean_menu_typo_spacing":0,"ocean_menu_typo_spacing_tablet":0,"ocean_menu_typo_spacing_mobile":0,"ocean_menu_typo_spacing_unit":"","ocean_menu_link_color":"","ocean_menu_link_color_hover":"","ocean_menu_link_color_active":"","ocean_menu_link_background":"","ocean_menu_link_hover_background":"","ocean_menu_link_active_background":"","ocean_menu_social_links_bg":"","ocean_menu_social_hover_links_bg":"","ocean_menu_social_links_color":"","ocean_menu_social_hover_links_color":"","ocean_disable_title":"default","ocean_disable_heading":"default","ocean_post_title":"","ocean_post_subheading":"","ocean_post_title_style":"","ocean_post_title_background_color":"","ocean_post_title_background":0,"ocean_post_title_bg_image_position":"","ocean_post_title_bg_image_attachment":"","ocean_post_title_bg_image_repeat":"","ocean_post_title_bg_image_size":"","ocean_post_title_height":0,"ocean_post_title_bg_overlay":0.5,"ocean_post_title_bg_overlay_color":"","ocean_disable_breadcrumbs":"default","ocean_breadcrumbs_color":"","ocean_breadcrumbs_separator_color":"","ocean_breadcrumbs_links_color":"","ocean_breadcrumbs_links_hover_color":"","ocean_display_footer_widgets":"default","ocean_display_footer_bottom":"default","ocean_custom_footer_template":"0","footnotes":""},"class_list":["post-8","page","type-page","status-publish","hentry","entry"],"yoast_head":"<!-- This site is optimized with the Yoast SEO plugin v27.6 - https:\/\/yoast.com\/product\/yoast-seo-wordpress\/ -->\n<title>Leistungen - Fliesen-Doc<\/title>\n<meta name=\"description\" content=\"Fliesen-Doc: Ihr Spezialist f\u00fcr Silikonfugen-Wartung, Reparaturen und Technik. Vermeiden Sie teure Wassersch\u00e4den durch defekte Fugen. Schnell, sauber &amp; professionell \u2013 Jetzt vom Fachmann beraten lassen!\" \/>\n<meta name=\"robots\" content=\"index, follow, max-snippet:-1, max-image-preview:large, max-video-preview:-1\" \/>\n<link rel=\"canonical\" href=\"https:\/\/fliesen-doc.de\/\" \/>\n<meta property=\"og:locale\" content=\"de_DE\" \/>\n<meta property=\"og:type\" content=\"article\" \/>\n<meta property=\"og:title\" content=\"Leistungen - Fliesen-Doc\" \/>\n<meta property=\"og:description\" content=\"Fliesen-Doc: Ihr Spezialist f\u00fcr Silikonfugen-Wartung, Reparaturen und Technik. Vermeiden Sie teure Wassersch\u00e4den durch defekte Fugen. Schnell, sauber &amp; professionell \u2013 Jetzt vom Fachmann beraten lassen!\" \/>\n<meta property=\"og:url\" content=\"https:\/\/fliesen-doc.de\/\" \/>\n<meta property=\"og:site_name\" content=\"Fliesen-Doc\" \/>\n<meta property=\"article:modified_time\" content=\"2026-05-15T16:42:33+00:00\" \/>\n<meta property=\"og:image\" content=\"https:\/\/fliesen-doc.de\/wp-content\/uploads\/2026\/05\/Titelbild.jpg\" \/>\n\t<meta property=\"og:image:width\" content=\"1920\" \/>\n\t<meta property=\"og:image:height\" content=\"515\" \/>\n\t<meta property=\"og:image:type\" content=\"image\/jpeg\" \/>\n<meta name=\"twitter:card\" content=\"summary_large_image\" \/>\n<meta name=\"twitter:label1\" content=\"Gesch\u00e4tzte Lesezeit\" \/>\n\t<meta name=\"twitter:data1\" content=\"1\u00a0Minute\" \/>\n<script type=\"application\/ld+json\" class=\"yoast-schema-graph\">{\"@context\":\"https:\\\/\\\/schema.org\",\"@graph\":[{\"@type\":\"WebPage\",\"@id\":\"https:\\\/\\\/fliesen-doc.de\\\/\",\"url\":\"https:\\\/\\\/fliesen-doc.de\\\/\",\"name\":\"Leistungen - Fliesen-Doc\",\"isPartOf\":{\"@id\":\"https:\\\/\\\/fliesen-doc.de\\\/#website\"},\"primaryImageOfPage\":{\"@id\":\"https:\\\/\\\/fliesen-doc.de\\\/#primaryimage\"},\"image\":{\"@id\":\"https:\\\/\\\/fliesen-doc.de\\\/#primaryimage\"},\"thumbnailUrl\":\"https:\\\/\\\/fliesen-doc.de\\\/wp-content\\\/uploads\\\/2026\\\/05\\\/Titelbild.jpg\",\"datePublished\":\"2026-05-15T15:47:50+00:00\",\"dateModified\":\"2026-05-15T16:42:33+00:00\",\"description\":\"Fliesen-Doc: Ihr Spezialist f\u00fcr Silikonfugen-Wartung, Reparaturen und Technik. Vermeiden Sie teure Wassersch\u00e4den durch defekte Fugen. Schnell, sauber & professionell \u2013 Jetzt vom Fachmann beraten lassen!\",\"breadcrumb\":{\"@id\":\"https:\\\/\\\/fliesen-doc.de\\\/#breadcrumb\"},\"inLanguage\":\"de\",\"potentialAction\":[{\"@type\":\"ReadAction\",\"target\":[\"https:\\\/\\\/fliesen-doc.de\\\/\"]}]},{\"@type\":\"ImageObject\",\"inLanguage\":\"de\",\"@id\":\"https:\\\/\\\/fliesen-doc.de\\\/#primaryimage\",\"url\":\"https:\\\/\\\/fliesen-doc.de\\\/wp-content\\\/uploads\\\/2026\\\/05\\\/Titelbild.jpg\",\"contentUrl\":\"https:\\\/\\\/fliesen-doc.de\\\/wp-content\\\/uploads\\\/2026\\\/05\\\/Titelbild.jpg\",\"width\":1920,\"height\":515,\"caption\":\"Header Profi-Reparatur & Wartung f\u00fcr Ihre Fliesen & Fugen\"},{\"@type\":\"BreadcrumbList\",\"@id\":\"https:\\\/\\\/fliesen-doc.de\\\/#breadcrumb\",\"itemListElement\":[{\"@type\":\"ListItem\",\"position\":1,\"name\":\"Start\",\"item\":\"https:\\\/\\\/fliesen-doc.de\\\/\"},{\"@type\":\"ListItem\",\"position\":2,\"name\":\"Leistungen\"}]},{\"@type\":\"WebSite\",\"@id\":\"https:\\\/\\\/fliesen-doc.de\\\/#website\",\"url\":\"https:\\\/\\\/fliesen-doc.de\\\/\",\"name\":\"Fliesen-Doc\",\"description\":\"Profi-Reparatur &amp; Wartung f\u00fcr Ihre Fliesen &amp; Fugen\",\"potentialAction\":[{\"@type\":\"SearchAction\",\"target\":{\"@type\":\"EntryPoint\",\"urlTemplate\":\"https:\\\/\\\/fliesen-doc.de\\\/?s={search_term_string}\"},\"query-input\":{\"@type\":\"PropertyValueSpecification\",\"valueRequired\":true,\"valueName\":\"search_term_string\"}}],\"inLanguage\":\"de\"}]}<\/script>\n<!-- \/ Yoast SEO plugin. -->","yoast_head_json":{"title":"Leistungen - Fliesen-Doc","description":"Fliesen-Doc: Ihr Spezialist f\u00fcr Silikonfugen-Wartung, Reparaturen und Technik. Vermeiden Sie teure Wassersch\u00e4den durch defekte Fugen. Schnell, sauber & professionell \u2013 Jetzt vom Fachmann beraten lassen!","robots":{"index":"index","follow":"follow","max-snippet":"max-snippet:-1","max-image-preview":"max-image-preview:large","max-video-preview":"max-video-preview:-1"},"canonical":"https:\/\/fliesen-doc.de\/","og_locale":"de_DE","og_type":"article","og_title":"Leistungen - Fliesen-Doc","og_description":"Fliesen-Doc: Ihr Spezialist f\u00fcr Silikonfugen-Wartung, Reparaturen und Technik. Vermeiden Sie teure Wassersch\u00e4den durch defekte Fugen. Schnell, sauber & professionell \u2013 Jetzt vom Fachmann beraten lassen!","og_url":"https:\/\/fliesen-doc.de\/","og_site_name":"Fliesen-Doc","article_modified_time":"2026-05-15T16:42:33+00:00","og_image":[{"width":1920,"height":515,"url":"https:\/\/fliesen-doc.de\/wp-content\/uploads\/2026\/05\/Titelbild.jpg","type":"image\/jpeg"}],"twitter_card":"summary_large_image","twitter_misc":{"Gesch\u00e4tzte Lesezeit":"1\u00a0Minute"},"schema":{"@context":"https:\/\/schema.org","@graph":[{"@type":"WebPage","@id":"https:\/\/fliesen-doc.de\/","url":"https:\/\/fliesen-doc.de\/","name":"Leistungen - Fliesen-Doc","isPartOf":{"@id":"https:\/\/fliesen-doc.de\/#website"},"primaryImageOfPage":{"@id":"https:\/\/fliesen-doc.de\/#primaryimage"},"image":{"@id":"https:\/\/fliesen-doc.de\/#primaryimage"},"thumbnailUrl":"https:\/\/fliesen-doc.de\/wp-content\/uploads\/2026\/05\/Titelbild.jpg","datePublished":"2026-05-15T15:47:50+00:00","dateModified":"2026-05-15T16:42:33+00:00","description":"Fliesen-Doc: Ihr Spezialist f\u00fcr Silikonfugen-Wartung, Reparaturen und Technik. Vermeiden Sie teure Wassersch\u00e4den durch defekte Fugen. Schnell, sauber & professionell \u2013 Jetzt vom Fachmann beraten lassen!","breadcrumb":{"@id":"https:\/\/fliesen-doc.de\/#breadcrumb"},"inLanguage":"de","potentialAction":[{"@type":"ReadAction","target":["https:\/\/fliesen-doc.de\/"]}]},{"@type":"ImageObject","inLanguage":"de","@id":"https:\/\/fliesen-doc.de\/#primaryimage","url":"https:\/\/fliesen-doc.de\/wp-content\/uploads\/2026\/05\/Titelbild.jpg","contentUrl":"https:\/\/fliesen-doc.de\/wp-content\/uploads\/2026\/05\/Titelbild.jpg","width":1920,"height":515,"caption":"Header Profi-Reparatur & Wartung f\u00fcr Ihre Fliesen & Fugen"},{"@type":"BreadcrumbList","@id":"https:\/\/fliesen-doc.de\/#breadcrumb","itemListElement":[{"@type":"ListItem","position":1,"name":"Start","item":"https:\/\/fliesen-doc.de\/"},{"@type":"ListItem","position":2,"name":"Leistungen"}]},{"@type":"WebSite","@id":"https:\/\/fliesen-doc.de\/#website","url":"https:\/\/fliesen-doc.de\/","name":"Fliesen-Doc","description":"Profi-Reparatur &amp; Wartung f\u00fcr Ihre Fliesen &amp; Fugen","potentialAction":[{"@type":"SearchAction","target":{"@type":"EntryPoint","urlTemplate":"https:\/\/fliesen-doc.de\/?s={search_term_string}"},"query-input":{"@type":"PropertyValueSpecification","valueRequired":true,"valueName":"search_term_string"}}],"inLanguage":"de"}]}},"_links":{"self":[{"href":"https:\/\/fliesen-doc.de\/index.php?rest_route=\/wp\/v2\/pages\/8","targetHints":{"allow":["GET"]}}],"collection":[{"href":"https:\/\/fliesen-doc.de\/index.php?rest_route=\/wp\/v2\/pages"}],"about":[{"href":"https:\/\/fliesen-doc.de\/index.php?rest_route=\/wp\/v2\/types\/page"}],"author":[{"embeddable":true,"href":"https:\/\/fliesen-doc.de\/index.php?rest_route=\/wp\/v2\/users\/1"}],"replies":[{"embeddable":true,"href":"https:\/\/fliesen-doc.de\/index.php?rest_route=%2Fwp%2Fv2%2Fcomments&post=8"}],"version-history":[{"count":8,"href":"https:\/\/fliesen-doc.de\/index.php?rest_route=\/wp\/v2\/pages\/8\/revisions"}],"predecessor-version":[{"id":29,"href":"https:\/\/fliesen-doc.de\/index.php?rest_route=\/wp\/v2\/pages\/8\/revisions\/29"}],"wp:attachment":[{"href":"https:\/\/fliesen-doc.de\/index.php?rest_route=%2Fwp%2Fv2%2Fmedia&parent=8"}],"curies":[{"name":"wp","href":"https:\/\/api.w.org\/{rel}","templated":true}]}}